{"id":3143,"date":"2023-11-15T12:51:52","date_gmt":"2023-11-15T12:51:52","guid":{"rendered":"https:\/\/desenvolvimento.rbx.pt\/airhead\/?page_id=3143"},"modified":"2024-08-26T11:27:17","modified_gmt":"2024-08-26T11:27:17","slug":"politica-de-cookies","status":"publish","type":"page","link":"https:\/\/desenvolvimento.rbx.pt\/airhead\/pt\/politica-de-cookies\/","title":{"rendered":"Pol\u00edtica de Cookies"},"content":{"rendered":"\t\t<div data-elementor-type=\"wp-page\" data-elementor-id=\"3143\" class=\"elementor elementor-3143\" data-elementor-post-type=\"page\">\n\t\t\t\t\t\t<section class=\"elementor-section elementor-top-section elementor-element elementor-element-5fa718a1 elementor-section-boxed elementor-section-height-default elementor-section-height-default\" data-id=\"5fa718a1\" data-element_type=\"section\" data-e-type=\"section\">\n\t\t\t\t\t\t<div class=\"elementor-container elementor-column-gap-default\">\n\t\t\t\t\t<div class=\"elementor-column elementor-col-100 elementor-top-column elementor-element elementor-element-7425f4ae\" data-id=\"7425f4ae\" data-element_type=\"column\" data-e-type=\"column\">\n\t\t\t<div class=\"elementor-widget-wrap elementor-element-populated\">\n\t\t\t\t\t\t<div class=\"elementor-element elementor-element-7f2d48a0 elementor-widget elementor-widget-heading\" data-id=\"7f2d48a0\" data-element_type=\"widget\" data-e-type=\"widget\" data-widget_type=\"heading.default\">\n\t\t\t\t\t<h2 class=\"elementor-heading-title elementor-size-default\">Suporte<\/h2>\t\t\t\t<\/div>\n\t\t\t\t<div class=\"elementor-element elementor-element-b93f648 elementor-widget elementor-widget-heading\" data-id=\"b93f648\" data-element_type=\"widget\" data-e-type=\"widget\" data-widget_type=\"heading.default\">\n\t\t\t\t\t<h2 class=\"elementor-heading-title elementor-size-default\">Pol\u00edtica de cookies<\/h2>\t\t\t\t<\/div>\n\t\t\t\t<div class=\"elementor-element elementor-element-454a991d elementor-widget elementor-widget-text-editor\" data-id=\"454a991d\" data-element_type=\"widget\" data-e-type=\"widget\" data-widget_type=\"text-editor.default\">\n\t\t\t\t\t\t\t\t\t<div>Usamos cookies para melhorar a funcionalidade do nosso website e para guardar as suas prefer\u00eancias de navega\u00e7\u00e3o e utiliza\u00e7\u00e3o do mesmo, como por exemplo, identificar o seu dispositivo (Computador, Tablet, Telem\u00f3vel ou outro) ou saber que fez login enquanto navega pelo nosso website.<\/div><div>\u00a0<\/div><div><strong>Porqu\u00ea usar Cookies?<\/strong><br \/>Usamos cookies para melhorar a funcionalidade do nosso website e para guardar as suas prefer\u00eancias de navega\u00e7\u00e3o e utiliza\u00e7\u00e3o do mesmo, como por exemplo, identificar o seu dispositivo (Computador ou Aparelho M\u00f3vel) ou saber que fez login enquanto navega pelo nosso website. Se pretende saber mais informa\u00e7\u00f5es sobre o que s\u00e3o, quais as suas funcionalidades e para que servem os cookies neste website, veja com aten\u00e7\u00e3o a lista que apresentamos mais em baixo.<\/div><div>N\u00e3o vendemos a informa\u00e7\u00e3o recolhida pelos cookies, nem a disponibilizamos a terceiros, excepto quando tal \u00e9 requerido por lei (por exemplo para organismos do estado ou \u00f3rg\u00e3os da lei). Contudo, se n\u00e3o pretender o armazenamento de dados do nosso website no seu dispositivo, existem formas de bloquear alguns ou todos os cookies e apagar todos aqueles que j\u00e1 foram guardados. Se pretender apagar os nossos cookies, ou bloquear o armazenamento futuro de cookies, por favor esteja ciente de que poder\u00e1 n\u00e3o ter acesso a determinadas \u00e1reas ou ferramentas interactivas do nosso website.<\/div><div>\u00a0<\/div><div><strong>O que s\u00e3o os Cookies?<\/strong><br \/>Os cookies s\u00e3o arquivos de texto simples que cont\u00eam informa\u00e7\u00e3o an\u00f3nima que \u00e9 armazenada no seu dispositivo pelo website que visitou. S\u00e3o amplamente utilizados para o funcionamento dos websites ou para aumentar a efici\u00eancia dos mesmos, bem como fornecer informa\u00e7\u00e3o relevante aos propriet\u00e1rios dos websites.<br \/>De forma geral existem dois tipos de cookies: os Cookies de Sess\u00e3o e os Cookies Permanentes.<\/div><div>\u00a0<\/div><div>Cookies de Sess\u00e3o<br \/>Os cookies de sess\u00e3o s\u00f3 s\u00e3o guardados no seu dispositivo enquanto navega pelo website. Estes cookies s\u00e3o apagados automaticamente do seu dispositivo assim que termina a navega\u00e7\u00e3o pelo website. Estes cookies s\u00e3o usados para guardar o \u201cID da sua sess\u00e3o\u201d, permitindo-lhe, por exemplo, fazer login no Clube de Consumidores e em seguida navegar pelo website sem necessitar de fazer login novamente.<\/div><div>\u00a0<\/div><div>Cookies Permanentes<br \/>Os cookies permanentes caracterizam-se por n\u00e3o serem eliminados do seu dispositivo quando termina a sua sess\u00e3o de navega\u00e7\u00e3o pelo website. Estes cookies s\u00e3o usados para reter a informa\u00e7\u00e3o e as prefer\u00eancias do utilizador, tendo como finalidade tornar a sua navega\u00e7\u00e3o pelo site mais f\u00e1cil e r\u00e1pida. S\u00e3o tamb\u00e9m utilizados para providenciar informa\u00e7\u00e3o sobre o n\u00famero de visitantes do site, quanto tempo \u00e9 que cada visitante demora a navegar em cada p\u00e1gina do site, bem como a performance geral do website.<\/div><div>Ajustar as prefer\u00eancias de utiliza\u00e7\u00e3o de Cookies no seu browser<\/div><div><br \/><strong>Como gerir Cookies no seu browser<\/strong><br \/>Se deseja remover ou gerir os cookies que est\u00e3o acumulados e guardados no seu dispositivo (Computador ou Aparelho M\u00f3vel), pode faze-lo nas defini\u00e7\u00f5es do seu browser. Uma vez mais, gostar\u00edamos de relembrar que ao eliminar ou bloquear os cookies poder\u00e1 no futuro n\u00e3o ter acesso a determinadas \u00e1reas ou ferramentas interactivas do nosso website.<\/div><div>Na seguinte lista poder\u00e1 encontrar informa\u00e7\u00e3o de como ajustar as prefer\u00eancias de utiliza\u00e7\u00e3o de cookies nos principais browsers:<\/div><div>Se estiver a usar um browser de computador:<\/div><div><a href=\"http:\/\/support.microsoft.com\/kb\/196955\">Internet Explorer<\/a><\/div><div><a href=\"http:\/\/support.google.com\/chrome\/bin\/answer.py?hl=en&amp;answer=95647\">Google Chrome<\/a><\/div><div><a href=\"http:\/\/support.mozilla.org\/en-US\/kb\/Cookies\">Firefox<\/a><\/div><div><a href=\"http:\/\/docs.info.apple.com\/article.html?path=Safari\/5.0\/en\/9277.html\">Safari<\/a><\/div><div><a href=\"http:\/\/www.opera.com\/browser\/tutorials\/security\/privacy\/\">Opera<\/a><\/div><div>Se estiver a usar um browser de dispositivo m\u00f3vel:<\/div><div><a href=\"http:\/\/support.apple.com\/kb\/HT1677\">Safari iOS<\/a><\/div><div><a href=\"http:\/\/support.google.com\/mobile\/bin\/answer.py?hl=en&amp;answer=169022\">Android<\/a><\/div><div><a href=\"http:\/\/docs.blackberry.com\/en\/smartphone_users\/deliverables\/32004\/Turn_off_cookies_in_the_browser_60_1072866_11.jsp\">Blackberry<\/a><\/div><div><a href=\"http:\/\/www.microsoft.com\/windowsphone\/en-us\/howto\/wp7\/web\/changing-privacy-and-other-browser-settings.aspx\">Windows Phone<\/a><\/div><div>\u00a0<\/div><div>Conte\u00fado Embutido<\/div><div>Por vezes embutimos fotos e conte\u00fados de v\u00eddeo de websites como o Youtube com o objectivo de providenciar uma melhor experi\u00eancia de navega\u00e7\u00e3o. Quando visitar p\u00e1ginas que possuam este tipo de conte\u00fado, os mesmos podem conter cookies. N\u00e3o controlamos estes cookies, pelo que para mais informa\u00e7\u00f5es dever\u00e1 consultar os websites relevantes. Ferramentas de Partilha de Redes Sociais<\/div><div>Muitos websites incluindo o\u00a0<a title=\"https:\/fernandotoucinho.pt\" href=\"https:\/\/airheadtoilet.eu\" rel=\"license\">https:\/airheadtoilet.eu <\/a>usam ferramentas de partilha de redes sociais como o Facebook ou o Twitter. Quando clicar num destes bot\u00f5es, um cookie poder\u00e1 ser activado pelo servi\u00e7o que escolheu usar. N\u00e3o controlamos estes cookies, pelo que para mais informa\u00e7\u00f5es dever\u00e1 consultar os websites relevantes.<\/div><div>\u00a0<\/div><div>Websites de Terceiros<br \/>O nosso website cont\u00e9m links para websites que cont\u00eam a sua pr\u00f3pria pol\u00edtica de utiliza\u00e7\u00e3o de cookies, sendo que a nossa empresa n\u00e3o aceita nenhuma responsabilidade relativamente a websites de terceiros.<\/div><div>\u00a0<\/div><div>Saiba Mais<br \/>Legisla\u00e7\u00e3o<br \/>Lei n.\u00ba 46\/2012 de 29 de agosto \u2013 Lei dos cookies: \u00c9 o nome dado \u00e0s \u00faltimas mudan\u00e7as na Directiva e-Privacy europeia. Foram adaptadas em Portugal na Lei 46\/2012.<\/div><div>\u00a0<\/div><div>Sobre os Cookies<br \/>Se deseja saber mais informa\u00e7\u00e3o sobre os cookies, pode encontrar mais informa\u00e7\u00e3o no seguinte link:\u00a0<a href=\"http:\/\/www.aboutcookies.org\/\">www.aboutcookies.org<\/a><\/div>\t\t\t\t\t\t\t\t<\/div>\n\t\t\t\t\t<\/div>\n\t\t<\/div>\n\t\t\t\t\t<\/div>\n\t\t<\/section>\n\t\t\t\t<\/div>\n\t\t","protected":false},"excerpt":{"rendered":"<p>Suporte Pol\u00edtica de cookies Usamos cookies para melhorar a funcionalidade do nosso website e para guardar as suas prefer\u00eancias de navega\u00e7\u00e3o e utiliza\u00e7\u00e3o do mesmo, como por exemplo, identificar o seu dispositivo (Computador, Tablet, Telem\u00f3vel ou outro) ou saber que fez login enquanto navega pelo nosso website.\u00a0Porqu\u00ea usar Cookies? Usamos cookies para melhorar a funcionalidade [&hellip;]<\/p>\n","protected":false},"author":1,"featured_media":0,"parent":0,"menu_order":0,"comment_status":"closed","ping_status":"closed","template":"","meta":{"footnotes":""},"class_list":["post-3143","page","type-page","status-publish","hentry"],"yoast_head":"<!-- This site is optimized with the Yoast SEO Premium plugin v26.7 (Yoast SEO v26.7) - https:\/\/yoast.com\/wordpress\/plugins\/seo\/ -->\n<title>Pol\u00edtica de Cookies - Air Head Composting Toilet<\/title>\n<meta name=\"description\" content=\"Utilizamos cookies para melhorar a funcionalidade do nosso website e guardar as suas prefer\u00eancias de navega\u00e7\u00e3o e utiliza\u00e7\u00e3o.\" \/>\n<meta name=\"robots\" content=\"noindex, follow, max-snippet:-1, max-image-preview:large, max-video-preview:-1\" \/>\n<meta property=\"og:locale\" content=\"en_US\" \/>\n<meta property=\"og:type\" content=\"article\" \/>\n<meta property=\"og:title\" content=\"Pol\u00edtica de Cookies\" \/>\n<meta property=\"og:description\" content=\"Utilizamos cookies para melhorar a funcionalidade do nosso website e guardar as suas prefer\u00eancias de navega\u00e7\u00e3o e utiliza\u00e7\u00e3o.\" \/>\n<meta property=\"og:url\" content=\"https:\/\/desenvolvimento.rbx.pt\/airhead\/pt\/politica-de-cookies\/\" \/>\n<meta property=\"og:site_name\" content=\"Air Head Composting Toilet\" \/>\n<meta property=\"article:publisher\" content=\"https:\/\/www.facebook.com\/AirHeadComposting\/\" \/>\n<meta property=\"article:modified_time\" content=\"2024-08-26T11:27:17+00:00\" \/>\n<meta property=\"og:image\" content=\"https:\/\/desenvolvimento.rbx.pt\/airhead\/wp-content\/uploads\/2023\/05\/my-air-head-composting-toilet.png\" \/>\n\t<meta property=\"og:image:width\" content=\"1200\" \/>\n\t<meta property=\"og:image:height\" content=\"675\" \/>\n\t<meta property=\"og:image:type\" content=\"image\/png\" \/>\n<meta name=\"twitter:card\" content=\"summary_large_image\" \/>\n<meta name=\"twitter:site\" content=\"@AirHeadToilet\" \/>\n<script type=\"application\/ld+json\" class=\"yoast-schema-graph\">{\"@context\":\"https:\/\/schema.org\",\"@graph\":[{\"@type\":[\"WebPage\",\"QAPage\"],\"@id\":\"https:\/\/desenvolvimento.rbx.pt\/airhead\/pt\/politica-de-cookies\/\",\"url\":\"https:\/\/desenvolvimento.rbx.pt\/airhead\/pt\/politica-de-cookies\/\",\"name\":\"Pol\u00edtica de Cookies - Air Head Composting Toilet\",\"isPartOf\":{\"@id\":\"https:\/\/desenvolvimento.rbx.pt\/airhead\/#website\"},\"datePublished\":\"2023-11-15T12:51:52+00:00\",\"dateModified\":\"2024-08-26T11:27:17+00:00\",\"description\":\"Utilizamos cookies para melhorar a funcionalidade do nosso website e guardar as suas prefer\u00eancias de navega\u00e7\u00e3o e utiliza\u00e7\u00e3o.\",\"breadcrumb\":{\"@id\":\"https:\/\/desenvolvimento.rbx.pt\/airhead\/pt\/politica-de-cookies\/#breadcrumb\"},\"inLanguage\":\"en-US\",\"potentialAction\":[{\"@type\":\"ReadAction\",\"target\":[\"https:\/\/desenvolvimento.rbx.pt\/airhead\/pt\/politica-de-cookies\/\"]}]},{\"@type\":\"BreadcrumbList\",\"@id\":\"https:\/\/desenvolvimento.rbx.pt\/airhead\/pt\/politica-de-cookies\/#breadcrumb\",\"itemListElement\":[{\"@type\":\"ListItem\",\"position\":1,\"name\":\"Home\",\"item\":\"https:\/\/desenvolvimento.rbx.pt\/airhead\/\"},{\"@type\":\"ListItem\",\"position\":2,\"name\":\"Pol\u00edtica de Cookies\"}]},{\"@type\":\"WebSite\",\"@id\":\"https:\/\/desenvolvimento.rbx.pt\/airhead\/#website\",\"url\":\"https:\/\/desenvolvimento.rbx.pt\/airhead\/\",\"name\":\"Air Head Composting Toilet\",\"description\":\"The toughest Composting Toilet in the World\",\"publisher\":{\"@id\":\"https:\/\/desenvolvimento.rbx.pt\/airhead\/#organization\"},\"alternateName\":\"AIR Head Composting Toliet\",\"potentialAction\":[{\"@type\":\"SearchAction\",\"target\":{\"@type\":\"EntryPoint\",\"urlTemplate\":\"https:\/\/desenvolvimento.rbx.pt\/airhead\/?s={search_term_string}\"},\"query-input\":{\"@type\":\"PropertyValueSpecification\",\"valueRequired\":true,\"valueName\":\"search_term_string\"}}],\"inLanguage\":\"en-US\"},{\"@type\":\"Organization\",\"@id\":\"https:\/\/desenvolvimento.rbx.pt\/airhead\/#organization\",\"name\":\"Air Head Europe\",\"alternateName\":\"Air Head Europe\",\"url\":\"https:\/\/desenvolvimento.rbx.pt\/airhead\/\",\"logo\":{\"@type\":\"ImageObject\",\"inLanguage\":\"en-US\",\"@id\":\"https:\/\/desenvolvimento.rbx.pt\/airhead\/#\/schema\/logo\/image\/\",\"url\":\"https:\/\/desenvolvimento.rbx.pt\/airhead\/wp-content\/uploads\/2023\/05\/logo.png\",\"contentUrl\":\"https:\/\/desenvolvimento.rbx.pt\/airhead\/wp-content\/uploads\/2023\/05\/logo.png\",\"width\":350,\"height\":93,\"caption\":\"Air Head Europe\"},\"image\":{\"@id\":\"https:\/\/desenvolvimento.rbx.pt\/airhead\/#\/schema\/logo\/image\/\"},\"sameAs\":[\"https:\/\/www.facebook.com\/AirHeadComposting\/\",\"https:\/\/x.com\/AirHeadToilet\",\"https:\/\/www.instagram.com\/airheadcompostingtoilet\/\",\"https:\/\/www.youtube.com\/channel\/UCHA9AGnNCv1daAk1mq5hr0g\"]}]}<\/script>\n<!-- \/ Yoast SEO Premium plugin. -->","yoast_head_json":{"title":"Pol\u00edtica de Cookies - Air Head Composting Toilet","description":"Utilizamos cookies para melhorar a funcionalidade do nosso website e guardar as suas prefer\u00eancias de navega\u00e7\u00e3o e utiliza\u00e7\u00e3o.","robots":{"index":"noindex","follow":"follow","max-snippet":"max-snippet:-1","max-image-preview":"max-image-preview:large","max-video-preview":"max-video-preview:-1"},"og_locale":"en_US","og_type":"article","og_title":"Pol\u00edtica de Cookies","og_description":"Utilizamos cookies para melhorar a funcionalidade do nosso website e guardar as suas prefer\u00eancias de navega\u00e7\u00e3o e utiliza\u00e7\u00e3o.","og_url":"https:\/\/desenvolvimento.rbx.pt\/airhead\/pt\/politica-de-cookies\/","og_site_name":"Air Head Composting Toilet","article_publisher":"https:\/\/www.facebook.com\/AirHeadComposting\/","article_modified_time":"2024-08-26T11:27:17+00:00","og_image":[{"width":1200,"height":675,"url":"https:\/\/desenvolvimento.rbx.pt\/airhead\/wp-content\/uploads\/2023\/05\/my-air-head-composting-toilet.png","type":"image\/png"}],"twitter_card":"summary_large_image","twitter_site":"@AirHeadToilet","schema":{"@context":"https:\/\/schema.org","@graph":[{"@type":["WebPage","QAPage"],"@id":"https:\/\/desenvolvimento.rbx.pt\/airhead\/pt\/politica-de-cookies\/","url":"https:\/\/desenvolvimento.rbx.pt\/airhead\/pt\/politica-de-cookies\/","name":"Pol\u00edtica de Cookies - Air Head Composting Toilet","isPartOf":{"@id":"https:\/\/desenvolvimento.rbx.pt\/airhead\/#website"},"datePublished":"2023-11-15T12:51:52+00:00","dateModified":"2024-08-26T11:27:17+00:00","description":"Utilizamos cookies para melhorar a funcionalidade do nosso website e guardar as suas prefer\u00eancias de navega\u00e7\u00e3o e utiliza\u00e7\u00e3o.","breadcrumb":{"@id":"https:\/\/desenvolvimento.rbx.pt\/airhead\/pt\/politica-de-cookies\/#breadcrumb"},"inLanguage":"en-US","potentialAction":[{"@type":"ReadAction","target":["https:\/\/desenvolvimento.rbx.pt\/airhead\/pt\/politica-de-cookies\/"]}]},{"@type":"BreadcrumbList","@id":"https:\/\/desenvolvimento.rbx.pt\/airhead\/pt\/politica-de-cookies\/#breadcrumb","itemListElement":[{"@type":"ListItem","position":1,"name":"Home","item":"https:\/\/desenvolvimento.rbx.pt\/airhead\/"},{"@type":"ListItem","position":2,"name":"Pol\u00edtica de Cookies"}]},{"@type":"WebSite","@id":"https:\/\/desenvolvimento.rbx.pt\/airhead\/#website","url":"https:\/\/desenvolvimento.rbx.pt\/airhead\/","name":"Air Head Composting Toilet","description":"The toughest Composting Toilet in the World","publisher":{"@id":"https:\/\/desenvolvimento.rbx.pt\/airhead\/#organization"},"alternateName":"AIR Head Composting Toliet","potentialAction":[{"@type":"SearchAction","target":{"@type":"EntryPoint","urlTemplate":"https:\/\/desenvolvimento.rbx.pt\/airhead\/?s={search_term_string}"},"query-input":{"@type":"PropertyValueSpecification","valueRequired":true,"valueName":"search_term_string"}}],"inLanguage":"en-US"},{"@type":"Organization","@id":"https:\/\/desenvolvimento.rbx.pt\/airhead\/#organization","name":"Air Head Europe","alternateName":"Air Head Europe","url":"https:\/\/desenvolvimento.rbx.pt\/airhead\/","logo":{"@type":"ImageObject","inLanguage":"en-US","@id":"https:\/\/desenvolvimento.rbx.pt\/airhead\/#\/schema\/logo\/image\/","url":"https:\/\/desenvolvimento.rbx.pt\/airhead\/wp-content\/uploads\/2023\/05\/logo.png","contentUrl":"https:\/\/desenvolvimento.rbx.pt\/airhead\/wp-content\/uploads\/2023\/05\/logo.png","width":350,"height":93,"caption":"Air Head Europe"},"image":{"@id":"https:\/\/desenvolvimento.rbx.pt\/airhead\/#\/schema\/logo\/image\/"},"sameAs":["https:\/\/www.facebook.com\/AirHeadComposting\/","https:\/\/x.com\/AirHeadToilet","https:\/\/www.instagram.com\/airheadcompostingtoilet\/","https:\/\/www.youtube.com\/channel\/UCHA9AGnNCv1daAk1mq5hr0g"]}]}},"lang":"pt","translations":{"pt":3143,"nl":696,"en":360,"fr":2024,"es":4625},"pll_sync_post":[],"_links":{"self":[{"href":"https:\/\/desenvolvimento.rbx.pt\/airhead\/wp-json\/wp\/v2\/pages\/3143","targetHints":{"allow":["GET"]}}],"collection":[{"href":"https:\/\/desenvolvimento.rbx.pt\/airhead\/wp-json\/wp\/v2\/pages"}],"about":[{"href":"https:\/\/desenvolvimento.rbx.pt\/airhead\/wp-json\/wp\/v2\/types\/page"}],"author":[{"embeddable":true,"href":"https:\/\/desenvolvimento.rbx.pt\/airhead\/wp-json\/wp\/v2\/users\/1"}],"replies":[{"embeddable":true,"href":"https:\/\/desenvolvimento.rbx.pt\/airhead\/wp-json\/wp\/v2\/comments?post=3143"}],"version-history":[{"count":0,"href":"https:\/\/desenvolvimento.rbx.pt\/airhead\/wp-json\/wp\/v2\/pages\/3143\/revisions"}],"wp:attachment":[{"href":"https:\/\/desenvolvimento.rbx.pt\/airhead\/wp-json\/wp\/v2\/media?parent=3143"}],"curies":[{"name":"wp","href":"https:\/\/api.w.org\/{rel}","templated":true}]}}