{"id":3157,"date":"2023-11-15T14:01:51","date_gmt":"2023-11-15T14:01:51","guid":{"rendered":"https:\/\/desenvolvimento.rbx.pt\/airhead\/?page_id=3157"},"modified":"2025-08-10T11:31:47","modified_gmt":"2025-08-10T10:31:47","slug":"modelo-de-formulario-de-resolucao-livre","status":"publish","type":"page","link":"https:\/\/desenvolvimento.rbx.pt\/airhead\/pt\/modelo-de-formulario-de-resolucao-livre\/","title":{"rendered":"Modelo de Formul\u00e1rio de Resolu\u00e7\u00e3o Livre"},"content":{"rendered":"\t\t<div data-elementor-type=\"wp-page\" data-elementor-id=\"3157\" class=\"elementor elementor-3157\" data-elementor-post-type=\"page\">\n\t\t\t\t\t\t<section class=\"elementor-section elementor-top-section elementor-element elementor-element-2a65d96 elementor-section-boxed elementor-section-height-default elementor-section-height-default\" data-id=\"2a65d96\" data-element_type=\"section\" data-e-type=\"section\">\n\t\t\t\t\t\t<div class=\"elementor-container elementor-column-gap-default\">\n\t\t\t\t\t<div class=\"elementor-column elementor-col-100 elementor-top-column elementor-element elementor-element-37fd163\" data-id=\"37fd163\" data-element_type=\"column\" data-e-type=\"column\">\n\t\t\t<div class=\"elementor-widget-wrap elementor-element-populated\">\n\t\t\t\t\t\t<div class=\"elementor-element elementor-element-611f7f50 elementor-widget elementor-widget-heading\" data-id=\"611f7f50\" data-element_type=\"widget\" data-e-type=\"widget\" data-widget_type=\"heading.default\">\n\t\t\t\t\t<h2 class=\"elementor-heading-title elementor-size-default\">SuportE<\/h2>\t\t\t\t<\/div>\n\t\t\t\t<div class=\"elementor-element elementor-element-388781e3 elementor-widget elementor-widget-heading\" data-id=\"388781e3\" data-element_type=\"widget\" data-e-type=\"widget\" data-widget_type=\"heading.default\">\n\t\t\t\t\t<h1 class=\"elementor-heading-title elementor-size-default\">Modelo de Formul\u00e1rio de Resolu\u00e7\u00e3o Livre<\/h1>\t\t\t\t<\/div>\n\t\t\t\t<div class=\"elementor-element elementor-element-2f7c7b1a elementor-widget elementor-widget-text-editor\" data-id=\"2f7c7b1a\" data-element_type=\"widget\" data-e-type=\"widget\" data-widget_type=\"text-editor.default\">\n\t\t\t\t\t\t\t\t\t<p>(Este documento s\u00f3 dever\u00e1 ser preenchido e enviado caso pretenda rescindir o contrato)<\/p><h6><strong>Instru\u00e7\u00f5es de uso<\/strong><\/h6><p>O consumidor tem o direito de rescindir qualquer contrato celebrado \u00e0 dist\u00e2ncia no prazo de 14 dias de calend\u00e1rio, sem necessidade de justifica\u00e7\u00e3o. Para exercer o direito de livre resolu\u00e7\u00e3o, o consumidor dever\u00e1 notificar a sua decis\u00e3o de resolu\u00e7\u00e3o do contrato atrav\u00e9s de declara\u00e7\u00e3o inequ\u00edvoca dentro do prazo, podendo utilizar o modelo de formul\u00e1rio de livre resolu\u00e7\u00e3o abaixo indicado, com o conte\u00fado m\u00ednimo indicado. Uma vez preenchido o formul\u00e1rio, o Utilizador dever\u00e1 envi\u00e1-lo ao respons\u00e1vel do Website no prazo legal indicado acima, devendo o Utilizador guardar o comprovante de recebimento do Website at\u00e9 que o incidente seja resolvido. A utiliza\u00e7\u00e3o deste formul\u00e1rio n\u00e3o \u00e9 obrigat\u00f3ria, tendo o Utilizador a possibilidade de o substituir por qualquer meio que demonstre a sua vontade inequ\u00edvoca de resolu\u00e7\u00e3o do contrato, os dados do pedido e a identidade do Utilizador juntamente com o pedido de resolu\u00e7\u00e3o. O prazo para exerc\u00edcio da resolu\u00e7\u00e3o expirar\u00e1 14 dias corridos a partir do dia em que o utilizador, ou o terceiro por ele indicado, que n\u00e3o o transportador, tenha em sua posse o material ou bens que foram adquiridos atrav\u00e9s da plataforma de encomenda eletr\u00f3nica.<\/p><p>Uma vez exercida a resolu\u00e7\u00e3o ou desist\u00eancia, todos os pagamentos recebidos pela encomenda ser\u00e3o devolvidos ao utilizador, incluindo os custos de entrega (com exce\u00e7\u00e3o dos custos adicionais resultantes da escolha pelo consumidor de um m\u00e9todo de entrega diferente do m\u00e9todo utilizado pela AIR HEAD EUROPE sem qualquer atraso injustificado e, em qualquer caso, no prazo m\u00e1ximo de 14 dias corridos a partir da data em que a decis\u00e3o de rescis\u00e3o do contrato for recebida pelo respons\u00e1vel pela plataforma AIR HEAD EUROPE,\u00a0 o mesmo m\u00e9todo de pagamento utilizado pelo ustilizador para a transa\u00e7\u00e3o retirada.<\/p>\t\t\t\t\t\t\t\t<\/div>\n\t\t\t\t<div class=\"elementor-element elementor-element-3480d6db elementor-widget elementor-widget-text-editor\" data-id=\"3480d6db\" data-element_type=\"widget\" data-e-type=\"widget\" data-widget_type=\"text-editor.default\">\n\t\t\t\t\t\t\t\t\t<h6><strong>Modelo de Formul\u00e1rio de Resolu\u00e7\u00e3o Livre<\/strong><\/h6><p>\u00e0 aten\u00e7\u00e3o de\u00a0<\/p><p>AIR HEAD EUROPE<\/p><p>Entidade: Air Head Europe Lda<\/p><p>NIF: <strong>PT515751480<\/strong><\/p><p>Zona Industrial de Ulme, Lote 17<\/p><p>2140-365 Ulme<\/p><p>Portugal<\/p><p>Email: nuno.antunes@airheadeurope.com<\/p><p>Telefone: +351 913 602 826\u00a0 (Chamada para rede m\u00f3vel nacional)<\/p><p>Venho\/comunicamos (*) que resolvi\/resolvemos (*) o meu\/nosso (*) contrato de compra e venda relativo ao seguinte bem\/para a presta\u00e7\u00e3o do seguinte servi\u00e7o (*) Identifica\u00e7\u00e3o do produto<\/p><p>Tipo de Produto:<\/p><p>Data da compra:<\/p><p>Data da rece\u00e7\u00e3o:<\/p><p>Nome de Utilizador (cliente):<\/p><p>NIF do Cliente<\/p><p>Morada:<\/p><p>Telefone:<\/p><p>Email:<\/p><p>Coment\u00e1rio:<\/p><p>Data e local:<\/p><p>Assinatura do utilizador<\/p><p>Canal de comunica\u00e7\u00e3o que indicou no formul\u00e1rio.<\/p>\t\t\t\t\t\t\t\t<\/div>\n\t\t\t\t<div class=\"elementor-element elementor-element-77735bde elementor-widget elementor-widget-text-editor\" data-id=\"77735bde\" data-element_type=\"widget\" data-e-type=\"widget\" data-widget_type=\"text-editor.default\">\n\t\t\t\t\t\t\t\t\t<p>Esta comunica\u00e7\u00e3o \u00e9 confidencial. O envio deste formul\u00e1rio implica a formaliza\u00e7\u00e3o do seu direito de rescis\u00e3o, nos termos do disposto na Lei 3\/2014, de 17 de mar\u00e7o, que altera o Texto Revisto da Lei Geral de Prote\u00e7\u00e3o dos Consumidores e Utilizadores aprovada pelo Decreto Legislativo 1\/2007, de 16 de novembro, bem como os regulamentos correspondentes. Isto implica a extin\u00e7\u00e3o da obriga\u00e7\u00e3o de execu\u00e7\u00e3o do contrato celebrado entre as partes identificadas no texto do formul\u00e1rio. Uma vez processada a sua encomenda, receber\u00e1 um aviso de recep\u00e7\u00e3o atrav\u00e9s do canal de comunica\u00e7\u00e3o que indicou no formul\u00e1rio.<\/p><p><strong>Lembramos que deve guardar este aviso como prova do exerc\u00edcio do seu direito de rescis\u00e3o.<\/strong><\/p>\t\t\t\t\t\t\t\t<\/div>\n\t\t\t\t\t<\/div>\n\t\t<\/div>\n\t\t\t\t\t<\/div>\n\t\t<\/section>\n\t\t\t\t<section class=\"elementor-section elementor-top-section elementor-element elementor-element-5e9c789c elementor-section-boxed elementor-section-height-default elementor-section-height-default\" data-id=\"5e9c789c\" data-element_type=\"section\" data-e-type=\"section\" data-settings=\"{&quot;background_background&quot;:&quot;classic&quot;}\">\n\t\t\t\t\t\t<div class=\"elementor-container elementor-column-gap-default\">\n\t\t\t\t\t<div class=\"elementor-column elementor-col-100 elementor-top-column elementor-element elementor-element-3b4119cb\" data-id=\"3b4119cb\" data-element_type=\"column\" data-e-type=\"column\">\n\t\t\t<div class=\"elementor-widget-wrap elementor-element-populated\">\n\t\t\t\t\t\t<div class=\"elementor-element elementor-element-1a49416 elementor-widget elementor-widget-heading\" data-id=\"1a49416\" data-element_type=\"widget\" data-e-type=\"widget\" data-widget_type=\"heading.default\">\n\t\t\t\t\t<h2 class=\"elementor-heading-title elementor-size-default\">Download do Modelo de Formul\u00e1rio<\/h2>\t\t\t\t<\/div>\n\t\t\t\t<section class=\"elementor-section elementor-inner-section elementor-element elementor-element-479a6a61 elementor-section-boxed elementor-section-height-default elementor-section-height-default\" data-id=\"479a6a61\" data-element_type=\"section\" data-e-type=\"section\">\n\t\t\t\t\t\t<div class=\"elementor-container elementor-column-gap-default\">\n\t\t\t\t\t<div class=\"elementor-column elementor-col-100 elementor-inner-column elementor-element elementor-element-1f077b0b\" data-id=\"1f077b0b\" data-element_type=\"column\" data-e-type=\"column\">\n\t\t\t<div class=\"elementor-widget-wrap elementor-element-populated\">\n\t\t\t\t\t\t<div class=\"elementor-element elementor-element-4df4d541 elementor-widget__width-auto elementor-widget elementor-widget-button\" data-id=\"4df4d541\" data-element_type=\"widget\" data-e-type=\"widget\" data-widget_type=\"button.default\">\n\t\t\t\t\t\t\t\t\t\t<a class=\"elementor-button elementor-button-link elementor-size-md\" href=\"https:\/\/desenvolvimento.rbx.pt\/airhead\/wp-content\/uploads\/2025\/08\/Modelo-de-livre-resolucao.docx.pdf\">\n\t\t\t\t\t\t<span class=\"elementor-button-content-wrapper\">\n\t\t\t\t\t\t<span class=\"elementor-button-icon\">\n\t\t\t\t<svg aria-hidden=\"true\" class=\"e-font-icon-svg e-far-file-pdf\" viewBox=\"0 0 384 512\" xmlns=\"http:\/\/www.w3.org\/2000\/svg\"><path d=\"M369.9 97.9L286 14C277 5 264.8-.1 252.1-.1H48C21.5 0 0 21.5 0 48v416c0 26.5 21.5 48 48 48h288c26.5 0 48-21.5 48-48V131.9c0-12.7-5.1-25-14.1-34zM332.1 128H256V51.9l76.1 76.1zM48 464V48h160v104c0 13.3 10.7 24 24 24h104v288H48zm250.2-143.7c-12.2-12-47-8.7-64.4-6.5-17.2-10.5-28.7-25-36.8-46.3 3.9-16.1 10.1-40.6 5.4-56-4.2-26.2-37.8-23.6-42.6-5.9-4.4 16.1-.4 38.5 7 67.1-10 23.9-24.9 56-35.4 74.4-20 10.3-47 26.2-51 46.2-3.3 15.8 26 55.2 76.1-31.2 22.4-7.4 46.8-16.5 68.4-20.1 18.9 10.2 41 17 55.8 17 25.5 0 28-28.2 17.5-38.7zm-198.1 77.8c5.1-13.7 24.5-29.5 30.4-35-19 30.3-30.4 35.7-30.4 35zm81.6-190.6c7.4 0 6.7 32.1 1.8 40.8-4.4-13.9-4.3-40.8-1.8-40.8zm-24.4 136.6c9.7-16.9 18-37 24.7-54.7 8.3 15.1 18.9 27.2 30.1 35.5-20.8 4.3-38.9 13.1-54.8 19.2zm131.6-5s-5 6-37.3-7.8c35.1-2.6 40.9 5.4 37.3 7.8z\"><\/path><\/svg>\t\t\t<\/span>\n\t\t\t\t\t\t\t\t\t<span class=\"elementor-button-text\">Modelo de Formul\u00e1rio PDF<\/span>\n\t\t\t\t\t<\/span>\n\t\t\t\t\t<\/a>\n\t\t\t\t\t\t\t\t<\/div>\n\t\t\t\t<div class=\"elementor-element elementor-element-6ff7a0ea elementor-widget__width-auto elementor-widget elementor-widget-button\" data-id=\"6ff7a0ea\" data-element_type=\"widget\" data-e-type=\"widget\" data-widget_type=\"button.default\">\n\t\t\t\t\t\t\t\t\t\t<a class=\"elementor-button elementor-button-link elementor-size-md\" href=\"https:\/\/desenvolvimento.rbx.pt\/airhead\/wp-content\/uploads\/2025\/08\/Modelo-de-livre-resolucao.docx\">\n\t\t\t\t\t\t<span class=\"elementor-button-content-wrapper\">\n\t\t\t\t\t\t<span class=\"elementor-button-icon\">\n\t\t\t\t<svg aria-hidden=\"true\" class=\"e-font-icon-svg e-far-file-pdf\" viewBox=\"0 0 384 512\" xmlns=\"http:\/\/www.w3.org\/2000\/svg\"><path d=\"M369.9 97.9L286 14C277 5 264.8-.1 252.1-.1H48C21.5 0 0 21.5 0 48v416c0 26.5 21.5 48 48 48h288c26.5 0 48-21.5 48-48V131.9c0-12.7-5.1-25-14.1-34zM332.1 128H256V51.9l76.1 76.1zM48 464V48h160v104c0 13.3 10.7 24 24 24h104v288H48zm250.2-143.7c-12.2-12-47-8.7-64.4-6.5-17.2-10.5-28.7-25-36.8-46.3 3.9-16.1 10.1-40.6 5.4-56-4.2-26.2-37.8-23.6-42.6-5.9-4.4 16.1-.4 38.5 7 67.1-10 23.9-24.9 56-35.4 74.4-20 10.3-47 26.2-51 46.2-3.3 15.8 26 55.2 76.1-31.2 22.4-7.4 46.8-16.5 68.4-20.1 18.9 10.2 41 17 55.8 17 25.5 0 28-28.2 17.5-38.7zm-198.1 77.8c5.1-13.7 24.5-29.5 30.4-35-19 30.3-30.4 35.7-30.4 35zm81.6-190.6c7.4 0 6.7 32.1 1.8 40.8-4.4-13.9-4.3-40.8-1.8-40.8zm-24.4 136.6c9.7-16.9 18-37 24.7-54.7 8.3 15.1 18.9 27.2 30.1 35.5-20.8 4.3-38.9 13.1-54.8 19.2zm131.6-5s-5 6-37.3-7.8c35.1-2.6 40.9 5.4 37.3 7.8z\"><\/path><\/svg>\t\t\t<\/span>\n\t\t\t\t\t\t\t\t\t<span class=\"elementor-button-text\">Modelo de Formul\u00e1rio DOCX <\/span>\n\t\t\t\t\t<\/span>\n\t\t\t\t\t<\/a>\n\t\t\t\t\t\t\t\t<\/div>\n\t\t\t\t\t<\/div>\n\t\t<\/div>\n\t\t\t\t\t<\/div>\n\t\t<\/section>\n\t\t\t\t\t<\/div>\n\t\t<\/div>\n\t\t\t\t\t<\/div>\n\t\t<\/section>\n\t\t\t\t<\/div>\n\t\t","protected":false},"excerpt":{"rendered":"<p>SuportE Modelo de Formul\u00e1rio de Resolu\u00e7\u00e3o Livre (Este documento s\u00f3 dever\u00e1 ser preenchido e enviado caso pretenda rescindir o contrato) Instru\u00e7\u00f5es de uso O consumidor tem o direito de rescindir qualquer contrato celebrado \u00e0 dist\u00e2ncia no prazo de 14 dias de calend\u00e1rio, sem necessidade de justifica\u00e7\u00e3o. Para exercer o direito de livre resolu\u00e7\u00e3o, o consumidor [&hellip;]<\/p>\n","protected":false},"author":1,"featured_media":0,"parent":0,"menu_order":0,"comment_status":"closed","ping_status":"closed","template":"","meta":{"footnotes":""},"class_list":["post-3157","page","type-page","status-publish","hentry"],"yoast_head":"<!-- This site is optimized with the Yoast SEO Premium plugin v26.7 (Yoast SEO v26.7) - https:\/\/yoast.com\/wordpress\/plugins\/seo\/ -->\n<title>Modelo de Formul\u00e1rio de Resolu\u00e7\u00e3o Livre - Air Head Composting Toilet<\/title>\n<meta name=\"description\" content=\"Instru\u00e7\u00f5es de utiliza\u00e7\u00e3o para o consumidor que tem o direito de rescindir qualquer contrato celebrado \u00e0 dist\u00e2ncia no prazo de 14 dias\" \/>\n<meta name=\"robots\" content=\"noindex, follow, max-snippet:-1, max-image-preview:large, max-video-preview:-1\" \/>\n<meta property=\"og:locale\" content=\"en_US\" \/>\n<meta property=\"og:type\" content=\"article\" \/>\n<meta property=\"og:title\" content=\"Modelo de Formul\u00e1rio de Resolu\u00e7\u00e3o Livre\" \/>\n<meta property=\"og:description\" content=\"Instru\u00e7\u00f5es de utiliza\u00e7\u00e3o para o consumidor que tem o direito de rescindir qualquer contrato celebrado \u00e0 dist\u00e2ncia no prazo de 14 dias\" \/>\n<meta property=\"og:url\" content=\"https:\/\/desenvolvimento.rbx.pt\/airhead\/pt\/modelo-de-formulario-de-resolucao-livre\/\" \/>\n<meta property=\"og:site_name\" content=\"Air Head Composting Toilet\" \/>\n<meta property=\"article:publisher\" content=\"https:\/\/www.facebook.com\/AirHeadComposting\/\" \/>\n<meta property=\"article:modified_time\" content=\"2025-08-10T10:31:47+00:00\" \/>\n<meta property=\"og:image\" content=\"https:\/\/desenvolvimento.rbx.pt\/airhead\/wp-content\/uploads\/2023\/05\/my-air-head-composting-toilet.png\" \/>\n\t<meta property=\"og:image:width\" content=\"1200\" \/>\n\t<meta property=\"og:image:height\" content=\"675\" \/>\n\t<meta property=\"og:image:type\" content=\"image\/png\" \/>\n<meta name=\"twitter:card\" content=\"summary_large_image\" \/>\n<meta name=\"twitter:site\" content=\"@AirHeadToilet\" \/>\n<script type=\"application\/ld+json\" class=\"yoast-schema-graph\">{\"@context\":\"https:\/\/schema.org\",\"@graph\":[{\"@type\":\"WebPage\",\"@id\":\"https:\/\/desenvolvimento.rbx.pt\/airhead\/pt\/modelo-de-formulario-de-resolucao-livre\/\",\"url\":\"https:\/\/desenvolvimento.rbx.pt\/airhead\/pt\/modelo-de-formulario-de-resolucao-livre\/\",\"name\":\"Modelo de Formul\u00e1rio de Resolu\u00e7\u00e3o Livre - Air Head Composting Toilet\",\"isPartOf\":{\"@id\":\"https:\/\/desenvolvimento.rbx.pt\/airhead\/#website\"},\"datePublished\":\"2023-11-15T14:01:51+00:00\",\"dateModified\":\"2025-08-10T10:31:47+00:00\",\"description\":\"Instru\u00e7\u00f5es de utiliza\u00e7\u00e3o para o consumidor que tem o direito de rescindir qualquer contrato celebrado \u00e0 dist\u00e2ncia no prazo de 14 dias\",\"breadcrumb\":{\"@id\":\"https:\/\/desenvolvimento.rbx.pt\/airhead\/pt\/modelo-de-formulario-de-resolucao-livre\/#breadcrumb\"},\"inLanguage\":\"en-US\",\"potentialAction\":[{\"@type\":\"ReadAction\",\"target\":[\"https:\/\/desenvolvimento.rbx.pt\/airhead\/pt\/modelo-de-formulario-de-resolucao-livre\/\"]}]},{\"@type\":\"BreadcrumbList\",\"@id\":\"https:\/\/desenvolvimento.rbx.pt\/airhead\/pt\/modelo-de-formulario-de-resolucao-livre\/#breadcrumb\",\"itemListElement\":[{\"@type\":\"ListItem\",\"position\":1,\"name\":\"Home\",\"item\":\"https:\/\/desenvolvimento.rbx.pt\/airhead\/\"},{\"@type\":\"ListItem\",\"position\":2,\"name\":\"Modelo de Formul\u00e1rio de Resolu\u00e7\u00e3o Livre\"}]},{\"@type\":\"WebSite\",\"@id\":\"https:\/\/desenvolvimento.rbx.pt\/airhead\/#website\",\"url\":\"https:\/\/desenvolvimento.rbx.pt\/airhead\/\",\"name\":\"Air Head Composting Toilet\",\"description\":\"The toughest Composting Toilet in the World\",\"publisher\":{\"@id\":\"https:\/\/desenvolvimento.rbx.pt\/airhead\/#organization\"},\"alternateName\":\"AIR Head Composting Toliet\",\"potentialAction\":[{\"@type\":\"SearchAction\",\"target\":{\"@type\":\"EntryPoint\",\"urlTemplate\":\"https:\/\/desenvolvimento.rbx.pt\/airhead\/?s={search_term_string}\"},\"query-input\":{\"@type\":\"PropertyValueSpecification\",\"valueRequired\":true,\"valueName\":\"search_term_string\"}}],\"inLanguage\":\"en-US\"},{\"@type\":\"Organization\",\"@id\":\"https:\/\/desenvolvimento.rbx.pt\/airhead\/#organization\",\"name\":\"Air Head Europe\",\"alternateName\":\"Air Head Europe\",\"url\":\"https:\/\/desenvolvimento.rbx.pt\/airhead\/\",\"logo\":{\"@type\":\"ImageObject\",\"inLanguage\":\"en-US\",\"@id\":\"https:\/\/desenvolvimento.rbx.pt\/airhead\/#\/schema\/logo\/image\/\",\"url\":\"https:\/\/desenvolvimento.rbx.pt\/airhead\/wp-content\/uploads\/2023\/05\/logo.png\",\"contentUrl\":\"https:\/\/desenvolvimento.rbx.pt\/airhead\/wp-content\/uploads\/2023\/05\/logo.png\",\"width\":350,\"height\":93,\"caption\":\"Air Head Europe\"},\"image\":{\"@id\":\"https:\/\/desenvolvimento.rbx.pt\/airhead\/#\/schema\/logo\/image\/\"},\"sameAs\":[\"https:\/\/www.facebook.com\/AirHeadComposting\/\",\"https:\/\/x.com\/AirHeadToilet\",\"https:\/\/www.instagram.com\/airheadcompostingtoilet\/\",\"https:\/\/www.youtube.com\/channel\/UCHA9AGnNCv1daAk1mq5hr0g\"]}]}<\/script>\n<!-- \/ Yoast SEO Premium plugin. -->","yoast_head_json":{"title":"Modelo de Formul\u00e1rio de Resolu\u00e7\u00e3o Livre - Air Head Composting Toilet","description":"Instru\u00e7\u00f5es de utiliza\u00e7\u00e3o para o consumidor que tem o direito de rescindir qualquer contrato celebrado \u00e0 dist\u00e2ncia no prazo de 14 dias","robots":{"index":"noindex","follow":"follow","max-snippet":"max-snippet:-1","max-image-preview":"max-image-preview:large","max-video-preview":"max-video-preview:-1"},"og_locale":"en_US","og_type":"article","og_title":"Modelo de Formul\u00e1rio de Resolu\u00e7\u00e3o Livre","og_description":"Instru\u00e7\u00f5es de utiliza\u00e7\u00e3o para o consumidor que tem o direito de rescindir qualquer contrato celebrado \u00e0 dist\u00e2ncia no prazo de 14 dias","og_url":"https:\/\/desenvolvimento.rbx.pt\/airhead\/pt\/modelo-de-formulario-de-resolucao-livre\/","og_site_name":"Air Head Composting Toilet","article_publisher":"https:\/\/www.facebook.com\/AirHeadComposting\/","article_modified_time":"2025-08-10T10:31:47+00:00","og_image":[{"width":1200,"height":675,"url":"https:\/\/desenvolvimento.rbx.pt\/airhead\/wp-content\/uploads\/2023\/05\/my-air-head-composting-toilet.png","type":"image\/png"}],"twitter_card":"summary_large_image","twitter_site":"@AirHeadToilet","schema":{"@context":"https:\/\/schema.org","@graph":[{"@type":"WebPage","@id":"https:\/\/desenvolvimento.rbx.pt\/airhead\/pt\/modelo-de-formulario-de-resolucao-livre\/","url":"https:\/\/desenvolvimento.rbx.pt\/airhead\/pt\/modelo-de-formulario-de-resolucao-livre\/","name":"Modelo de Formul\u00e1rio de Resolu\u00e7\u00e3o Livre - Air Head Composting Toilet","isPartOf":{"@id":"https:\/\/desenvolvimento.rbx.pt\/airhead\/#website"},"datePublished":"2023-11-15T14:01:51+00:00","dateModified":"2025-08-10T10:31:47+00:00","description":"Instru\u00e7\u00f5es de utiliza\u00e7\u00e3o para o consumidor que tem o direito de rescindir qualquer contrato celebrado \u00e0 dist\u00e2ncia no prazo de 14 dias","breadcrumb":{"@id":"https:\/\/desenvolvimento.rbx.pt\/airhead\/pt\/modelo-de-formulario-de-resolucao-livre\/#breadcrumb"},"inLanguage":"en-US","potentialAction":[{"@type":"ReadAction","target":["https:\/\/desenvolvimento.rbx.pt\/airhead\/pt\/modelo-de-formulario-de-resolucao-livre\/"]}]},{"@type":"BreadcrumbList","@id":"https:\/\/desenvolvimento.rbx.pt\/airhead\/pt\/modelo-de-formulario-de-resolucao-livre\/#breadcrumb","itemListElement":[{"@type":"ListItem","position":1,"name":"Home","item":"https:\/\/desenvolvimento.rbx.pt\/airhead\/"},{"@type":"ListItem","position":2,"name":"Modelo de Formul\u00e1rio de Resolu\u00e7\u00e3o Livre"}]},{"@type":"WebSite","@id":"https:\/\/desenvolvimento.rbx.pt\/airhead\/#website","url":"https:\/\/desenvolvimento.rbx.pt\/airhead\/","name":"Air Head Composting Toilet","description":"The toughest Composting Toilet in the World","publisher":{"@id":"https:\/\/desenvolvimento.rbx.pt\/airhead\/#organization"},"alternateName":"AIR Head Composting Toliet","potentialAction":[{"@type":"SearchAction","target":{"@type":"EntryPoint","urlTemplate":"https:\/\/desenvolvimento.rbx.pt\/airhead\/?s={search_term_string}"},"query-input":{"@type":"PropertyValueSpecification","valueRequired":true,"valueName":"search_term_string"}}],"inLanguage":"en-US"},{"@type":"Organization","@id":"https:\/\/desenvolvimento.rbx.pt\/airhead\/#organization","name":"Air Head Europe","alternateName":"Air Head Europe","url":"https:\/\/desenvolvimento.rbx.pt\/airhead\/","logo":{"@type":"ImageObject","inLanguage":"en-US","@id":"https:\/\/desenvolvimento.rbx.pt\/airhead\/#\/schema\/logo\/image\/","url":"https:\/\/desenvolvimento.rbx.pt\/airhead\/wp-content\/uploads\/2023\/05\/logo.png","contentUrl":"https:\/\/desenvolvimento.rbx.pt\/airhead\/wp-content\/uploads\/2023\/05\/logo.png","width":350,"height":93,"caption":"Air Head Europe"},"image":{"@id":"https:\/\/desenvolvimento.rbx.pt\/airhead\/#\/schema\/logo\/image\/"},"sameAs":["https:\/\/www.facebook.com\/AirHeadComposting\/","https:\/\/x.com\/AirHeadToilet","https:\/\/www.instagram.com\/airheadcompostingtoilet\/","https:\/\/www.youtube.com\/channel\/UCHA9AGnNCv1daAk1mq5hr0g"]}]}},"lang":"pt","translations":{"pt":3157,"en":375,"nl":783,"fr":2015,"es":4603},"pll_sync_post":[],"_links":{"self":[{"href":"https:\/\/desenvolvimento.rbx.pt\/airhead\/wp-json\/wp\/v2\/pages\/3157","targetHints":{"allow":["GET"]}}],"collection":[{"href":"https:\/\/desenvolvimento.rbx.pt\/airhead\/wp-json\/wp\/v2\/pages"}],"about":[{"href":"https:\/\/desenvolvimento.rbx.pt\/airhead\/wp-json\/wp\/v2\/types\/page"}],"author":[{"embeddable":true,"href":"https:\/\/desenvolvimento.rbx.pt\/airhead\/wp-json\/wp\/v2\/users\/1"}],"replies":[{"embeddable":true,"href":"https:\/\/desenvolvimento.rbx.pt\/airhead\/wp-json\/wp\/v2\/comments?post=3157"}],"version-history":[{"count":0,"href":"https:\/\/desenvolvimento.rbx.pt\/airhead\/wp-json\/wp\/v2\/pages\/3157\/revisions"}],"wp:attachment":[{"href":"https:\/\/desenvolvimento.rbx.pt\/airhead\/wp-json\/wp\/v2\/media?parent=3157"}],"curies":[{"name":"wp","href":"https:\/\/api.w.org\/{rel}","templated":true}]}}