{"id":4560,"date":"2024-07-17T09:44:27","date_gmt":"2024-07-17T09:44:27","guid":{"rendered":"https:\/\/desenvolvimento.rbx.pt\/airhead\/?page_id=4560"},"modified":"2024-08-26T21:00:27","modified_gmt":"2024-08-26T21:00:27","slug":"devoluciones","status":"publish","type":"page","link":"https:\/\/desenvolvimento.rbx.pt\/airhead\/es\/devoluciones\/","title":{"rendered":"Devoluciones"},"content":{"rendered":"\t\t<div data-elementor-type=\"wp-page\" data-elementor-id=\"4560\" class=\"elementor elementor-4560\" data-elementor-post-type=\"page\">\n\t\t\t\t\t\t<section class=\"elementor-section elementor-top-section elementor-element elementor-element-75033de2 elementor-section-boxed elementor-section-height-default elementor-section-height-default\" data-id=\"75033de2\" data-element_type=\"section\" data-e-type=\"section\">\n\t\t\t\t\t\t<div class=\"elementor-container elementor-column-gap-default\">\n\t\t\t\t\t<div class=\"elementor-column elementor-col-100 elementor-top-column elementor-element elementor-element-1d33954b\" data-id=\"1d33954b\" data-element_type=\"column\" data-e-type=\"column\">\n\t\t\t<div class=\"elementor-widget-wrap elementor-element-populated\">\n\t\t\t\t\t\t<div class=\"elementor-element elementor-element-26343972 elementor-widget elementor-widget-heading\" data-id=\"26343972\" data-element_type=\"widget\" data-e-type=\"widget\" data-widget_type=\"heading.default\">\n\t\t\t\t\t<h2 class=\"elementor-heading-title elementor-size-default\">apoyo<\/h2>\t\t\t\t<\/div>\n\t\t\t\t<div class=\"elementor-element elementor-element-230a9041 elementor-widget elementor-widget-heading\" data-id=\"230a9041\" data-element_type=\"widget\" data-e-type=\"widget\" data-widget_type=\"heading.default\">\n\t\t\t\t\t<h1 class=\"elementor-heading-title elementor-size-default\">Devoluciones\n<\/h1>\t\t\t\t<\/div>\n\t\t\t\t<div class=\"elementor-element elementor-element-23f0963f elementor-widget elementor-widget-text-editor\" data-id=\"23f0963f\" data-element_type=\"widget\" data-e-type=\"widget\" data-widget_type=\"text-editor.default\">\n\t\t\t\t\t\t\t\t\t<p>De acuerdo con la normativa vigente que regula las ventas a distancia, el Cliente tiene derecho a desistir del contrato de compra de nuestros productos durante los catorce d\u00edas h\u00e1biles siguientes a la recepci\u00f3n de su compra. El ejercicio de este derecho no obliga al Cliente a justificar su decisi\u00f3n e implica la devoluci\u00f3n del importe pagado. Se entender\u00e1 que el Cliente ha sido informado de su derecho a desistir desde el inicio de su proceso de compra, con el registro del Cliente en la Plataforma de Compra Online, lo que requiere su lectura y aceptaci\u00f3n de los presentes T\u00e9rminos y Condiciones, y, en todo caso , desde el momento en que realizas el pedido.<\/p><p>Sin embargo, no se aceptar\u00e1n devoluciones cuyo embalaje haya sido abierto excepto en productos que presenten da\u00f1os o defectos de f\u00e1brica. Asimismo, el Cliente deber\u00e1 abonar el coste del env\u00edo de la devoluci\u00f3n salvo que el producto haya sido enviado por error o el producto est\u00e9 da\u00f1ado o defectuoso. A devolver el producto, que deber\u00e1 estar en perfecto estado y en su embalaje original, acompa\u00f1ado de la factura que recibiste con el pedido.<\/p>\t\t\t\t\t\t\t\t<\/div>\n\t\t\t\t\t<\/div>\n\t\t<\/div>\n\t\t\t\t\t<\/div>\n\t\t<\/section>\n\t\t\t\t<\/div>\n\t\t","protected":false},"excerpt":{"rendered":"<p>apoyo Devoluciones De acuerdo con la normativa vigente que regula las ventas a distancia, el Cliente tiene derecho a desistir del contrato de compra de nuestros productos durante los catorce d\u00edas h\u00e1biles siguientes a la recepci\u00f3n de su compra. El ejercicio de este derecho no obliga al Cliente a justificar su decisi\u00f3n e implica la [&hellip;]<\/p>\n","protected":false},"author":1,"featured_media":0,"parent":0,"menu_order":0,"comment_status":"closed","ping_status":"closed","template":"","meta":{"footnotes":""},"class_list":["post-4560","page","type-page","status-publish","hentry"],"yoast_head":"<!-- This site is optimized with the Yoast SEO Premium plugin v26.7 (Yoast SEO v26.7) - https:\/\/yoast.com\/wordpress\/plugins\/seo\/ -->\n<title>Devoluciones - Air Head Composting Toilet<\/title>\n<meta name=\"description\" content=\"De acuerdo con la normativa vigente que regula las ventas a distancia, el Cliente tiene derecho a desistir del contrato.\" \/>\n<meta name=\"robots\" content=\"noindex, follow, max-snippet:-1, max-image-preview:large, max-video-preview:-1\" \/>\n<meta property=\"og:locale\" content=\"en_US\" \/>\n<meta property=\"og:type\" content=\"article\" \/>\n<meta property=\"og:title\" content=\"Devoluciones\" \/>\n<meta property=\"og:description\" content=\"De acuerdo con la normativa vigente que regula las ventas a distancia, el Cliente tiene derecho a desistir del contrato.\" \/>\n<meta property=\"og:url\" content=\"https:\/\/desenvolvimento.rbx.pt\/airhead\/es\/devoluciones\/\" \/>\n<meta property=\"og:site_name\" content=\"Air Head Composting Toilet\" \/>\n<meta property=\"article:publisher\" content=\"https:\/\/www.facebook.com\/AirHeadComposting\/\" \/>\n<meta property=\"article:modified_time\" content=\"2024-08-26T21:00:27+00:00\" \/>\n<meta property=\"og:image\" content=\"https:\/\/desenvolvimento.rbx.pt\/airhead\/wp-content\/uploads\/2023\/05\/my-air-head-composting-toilet.png\" \/>\n\t<meta property=\"og:image:width\" content=\"1200\" \/>\n\t<meta property=\"og:image:height\" content=\"675\" \/>\n\t<meta property=\"og:image:type\" content=\"image\/png\" \/>\n<meta name=\"twitter:card\" content=\"summary_large_image\" \/>\n<meta name=\"twitter:site\" content=\"@AirHeadToilet\" \/>\n<script type=\"application\/ld+json\" class=\"yoast-schema-graph\">{\"@context\":\"https:\/\/schema.org\",\"@graph\":[{\"@type\":\"WebPage\",\"@id\":\"https:\/\/desenvolvimento.rbx.pt\/airhead\/es\/devoluciones\/\",\"url\":\"https:\/\/desenvolvimento.rbx.pt\/airhead\/es\/devoluciones\/\",\"name\":\"Devoluciones - Air Head Composting Toilet\",\"isPartOf\":{\"@id\":\"https:\/\/desenvolvimento.rbx.pt\/airhead\/#website\"},\"datePublished\":\"2024-07-17T09:44:27+00:00\",\"dateModified\":\"2024-08-26T21:00:27+00:00\",\"description\":\"De acuerdo con la normativa vigente que regula las ventas a distancia, el Cliente tiene derecho a desistir del contrato.\",\"breadcrumb\":{\"@id\":\"https:\/\/desenvolvimento.rbx.pt\/airhead\/es\/devoluciones\/#breadcrumb\"},\"inLanguage\":\"en-US\",\"potentialAction\":[{\"@type\":\"ReadAction\",\"target\":[\"https:\/\/desenvolvimento.rbx.pt\/airhead\/es\/devoluciones\/\"]}]},{\"@type\":\"BreadcrumbList\",\"@id\":\"https:\/\/desenvolvimento.rbx.pt\/airhead\/es\/devoluciones\/#breadcrumb\",\"itemListElement\":[{\"@type\":\"ListItem\",\"position\":1,\"name\":\"Home\",\"item\":\"https:\/\/desenvolvimento.rbx.pt\/airhead\/\"},{\"@type\":\"ListItem\",\"position\":2,\"name\":\"Devoluciones\"}]},{\"@type\":\"WebSite\",\"@id\":\"https:\/\/desenvolvimento.rbx.pt\/airhead\/#website\",\"url\":\"https:\/\/desenvolvimento.rbx.pt\/airhead\/\",\"name\":\"Air Head Composting Toilet\",\"description\":\"The toughest Composting Toilet in the World\",\"publisher\":{\"@id\":\"https:\/\/desenvolvimento.rbx.pt\/airhead\/#organization\"},\"alternateName\":\"AIR Head Composting Toliet\",\"potentialAction\":[{\"@type\":\"SearchAction\",\"target\":{\"@type\":\"EntryPoint\",\"urlTemplate\":\"https:\/\/desenvolvimento.rbx.pt\/airhead\/?s={search_term_string}\"},\"query-input\":{\"@type\":\"PropertyValueSpecification\",\"valueRequired\":true,\"valueName\":\"search_term_string\"}}],\"inLanguage\":\"en-US\"},{\"@type\":\"Organization\",\"@id\":\"https:\/\/desenvolvimento.rbx.pt\/airhead\/#organization\",\"name\":\"Air Head Europe\",\"alternateName\":\"Air Head Europe\",\"url\":\"https:\/\/desenvolvimento.rbx.pt\/airhead\/\",\"logo\":{\"@type\":\"ImageObject\",\"inLanguage\":\"en-US\",\"@id\":\"https:\/\/desenvolvimento.rbx.pt\/airhead\/#\/schema\/logo\/image\/\",\"url\":\"https:\/\/desenvolvimento.rbx.pt\/airhead\/wp-content\/uploads\/2023\/05\/logo.png\",\"contentUrl\":\"https:\/\/desenvolvimento.rbx.pt\/airhead\/wp-content\/uploads\/2023\/05\/logo.png\",\"width\":350,\"height\":93,\"caption\":\"Air Head Europe\"},\"image\":{\"@id\":\"https:\/\/desenvolvimento.rbx.pt\/airhead\/#\/schema\/logo\/image\/\"},\"sameAs\":[\"https:\/\/www.facebook.com\/AirHeadComposting\/\",\"https:\/\/x.com\/AirHeadToilet\",\"https:\/\/www.instagram.com\/airheadcompostingtoilet\/\",\"https:\/\/www.youtube.com\/channel\/UCHA9AGnNCv1daAk1mq5hr0g\"]}]}<\/script>\n<!-- \/ Yoast SEO Premium plugin. -->","yoast_head_json":{"title":"Devoluciones - Air Head Composting Toilet","description":"De acuerdo con la normativa vigente que regula las ventas a distancia, el Cliente tiene derecho a desistir del contrato.","robots":{"index":"noindex","follow":"follow","max-snippet":"max-snippet:-1","max-image-preview":"max-image-preview:large","max-video-preview":"max-video-preview:-1"},"og_locale":"en_US","og_type":"article","og_title":"Devoluciones","og_description":"De acuerdo con la normativa vigente que regula las ventas a distancia, el Cliente tiene derecho a desistir del contrato.","og_url":"https:\/\/desenvolvimento.rbx.pt\/airhead\/es\/devoluciones\/","og_site_name":"Air Head Composting Toilet","article_publisher":"https:\/\/www.facebook.com\/AirHeadComposting\/","article_modified_time":"2024-08-26T21:00:27+00:00","og_image":[{"width":1200,"height":675,"url":"https:\/\/desenvolvimento.rbx.pt\/airhead\/wp-content\/uploads\/2023\/05\/my-air-head-composting-toilet.png","type":"image\/png"}],"twitter_card":"summary_large_image","twitter_site":"@AirHeadToilet","schema":{"@context":"https:\/\/schema.org","@graph":[{"@type":"WebPage","@id":"https:\/\/desenvolvimento.rbx.pt\/airhead\/es\/devoluciones\/","url":"https:\/\/desenvolvimento.rbx.pt\/airhead\/es\/devoluciones\/","name":"Devoluciones - Air Head Composting Toilet","isPartOf":{"@id":"https:\/\/desenvolvimento.rbx.pt\/airhead\/#website"},"datePublished":"2024-07-17T09:44:27+00:00","dateModified":"2024-08-26T21:00:27+00:00","description":"De acuerdo con la normativa vigente que regula las ventas a distancia, el Cliente tiene derecho a desistir del contrato.","breadcrumb":{"@id":"https:\/\/desenvolvimento.rbx.pt\/airhead\/es\/devoluciones\/#breadcrumb"},"inLanguage":"en-US","potentialAction":[{"@type":"ReadAction","target":["https:\/\/desenvolvimento.rbx.pt\/airhead\/es\/devoluciones\/"]}]},{"@type":"BreadcrumbList","@id":"https:\/\/desenvolvimento.rbx.pt\/airhead\/es\/devoluciones\/#breadcrumb","itemListElement":[{"@type":"ListItem","position":1,"name":"Home","item":"https:\/\/desenvolvimento.rbx.pt\/airhead\/"},{"@type":"ListItem","position":2,"name":"Devoluciones"}]},{"@type":"WebSite","@id":"https:\/\/desenvolvimento.rbx.pt\/airhead\/#website","url":"https:\/\/desenvolvimento.rbx.pt\/airhead\/","name":"Air Head Composting Toilet","description":"The toughest Composting Toilet in the World","publisher":{"@id":"https:\/\/desenvolvimento.rbx.pt\/airhead\/#organization"},"alternateName":"AIR Head Composting Toliet","potentialAction":[{"@type":"SearchAction","target":{"@type":"EntryPoint","urlTemplate":"https:\/\/desenvolvimento.rbx.pt\/airhead\/?s={search_term_string}"},"query-input":{"@type":"PropertyValueSpecification","valueRequired":true,"valueName":"search_term_string"}}],"inLanguage":"en-US"},{"@type":"Organization","@id":"https:\/\/desenvolvimento.rbx.pt\/airhead\/#organization","name":"Air Head Europe","alternateName":"Air Head Europe","url":"https:\/\/desenvolvimento.rbx.pt\/airhead\/","logo":{"@type":"ImageObject","inLanguage":"en-US","@id":"https:\/\/desenvolvimento.rbx.pt\/airhead\/#\/schema\/logo\/image\/","url":"https:\/\/desenvolvimento.rbx.pt\/airhead\/wp-content\/uploads\/2023\/05\/logo.png","contentUrl":"https:\/\/desenvolvimento.rbx.pt\/airhead\/wp-content\/uploads\/2023\/05\/logo.png","width":350,"height":93,"caption":"Air Head Europe"},"image":{"@id":"https:\/\/desenvolvimento.rbx.pt\/airhead\/#\/schema\/logo\/image\/"},"sameAs":["https:\/\/www.facebook.com\/AirHeadComposting\/","https:\/\/x.com\/AirHeadToilet","https:\/\/www.instagram.com\/airheadcompostingtoilet\/","https:\/\/www.youtube.com\/channel\/UCHA9AGnNCv1daAk1mq5hr0g"]}]}},"lang":"es","translations":{"es":4560,"nl":840,"en":397,"fr":1984,"pt":3271},"pll_sync_post":[],"_links":{"self":[{"href":"https:\/\/desenvolvimento.rbx.pt\/airhead\/wp-json\/wp\/v2\/pages\/4560","targetHints":{"allow":["GET"]}}],"collection":[{"href":"https:\/\/desenvolvimento.rbx.pt\/airhead\/wp-json\/wp\/v2\/pages"}],"about":[{"href":"https:\/\/desenvolvimento.rbx.pt\/airhead\/wp-json\/wp\/v2\/types\/page"}],"author":[{"embeddable":true,"href":"https:\/\/desenvolvimento.rbx.pt\/airhead\/wp-json\/wp\/v2\/users\/1"}],"replies":[{"embeddable":true,"href":"https:\/\/desenvolvimento.rbx.pt\/airhead\/wp-json\/wp\/v2\/comments?post=4560"}],"version-history":[{"count":0,"href":"https:\/\/desenvolvimento.rbx.pt\/airhead\/wp-json\/wp\/v2\/pages\/4560\/revisions"}],"wp:attachment":[{"href":"https:\/\/desenvolvimento.rbx.pt\/airhead\/wp-json\/wp\/v2\/media?parent=4560"}],"curies":[{"name":"wp","href":"https:\/\/api.w.org\/{rel}","templated":true}]}}