{"id":4625,"date":"2024-07-17T10:27:31","date_gmt":"2024-07-17T10:27:31","guid":{"rendered":"https:\/\/desenvolvimento.rbx.pt\/airhead\/?page_id=4625"},"modified":"2024-07-19T13:07:35","modified_gmt":"2024-07-19T13:07:35","slug":"politica-de-cookies","status":"publish","type":"page","link":"https:\/\/desenvolvimento.rbx.pt\/airhead\/es\/politica-de-cookies\/","title":{"rendered":"Pol\u00edtica de cookies"},"content":{"rendered":"\t\t<div data-elementor-type=\"wp-page\" data-elementor-id=\"4625\" class=\"elementor elementor-4625\" data-elementor-post-type=\"page\">\n\t\t\t\t\t\t<section class=\"elementor-section elementor-top-section elementor-element elementor-element-7701b89a elementor-section-boxed elementor-section-height-default elementor-section-height-default\" data-id=\"7701b89a\" data-element_type=\"section\" data-e-type=\"section\">\n\t\t\t\t\t\t<div class=\"elementor-container elementor-column-gap-default\">\n\t\t\t\t\t<div class=\"elementor-column elementor-col-100 elementor-top-column elementor-element elementor-element-5543f86b\" data-id=\"5543f86b\" data-element_type=\"column\" data-e-type=\"column\">\n\t\t\t<div class=\"elementor-widget-wrap elementor-element-populated\">\n\t\t\t\t\t\t<div class=\"elementor-element elementor-element-679f6cdd elementor-widget elementor-widget-heading\" data-id=\"679f6cdd\" data-element_type=\"widget\" data-e-type=\"widget\" data-widget_type=\"heading.default\">\n\t\t\t\t\t<h2 class=\"elementor-heading-title elementor-size-default\">Apoyo<\/h2>\t\t\t\t<\/div>\n\t\t\t\t<div class=\"elementor-element elementor-element-2b84fd23 elementor-widget elementor-widget-heading\" data-id=\"2b84fd23\" data-element_type=\"widget\" data-e-type=\"widget\" data-widget_type=\"heading.default\">\n\t\t\t\t\t<h2 class=\"elementor-heading-title elementor-size-default\">Pol\u00edtica de cookies<\/h2>\t\t\t\t<\/div>\n\t\t\t\t<div class=\"elementor-element elementor-element-7551a91e elementor-widget elementor-widget-text-editor\" data-id=\"7551a91e\" data-element_type=\"widget\" data-e-type=\"widget\" data-widget_type=\"text-editor.default\">\n\t\t\t\t\t\t\t\t\t<p>Utilizamos cookies para mejorar la funcionalidad de nuestro sitio web y guardar sus preferencias de navegaci\u00f3n y uso, como identificar su dispositivo (computadora, tableta, tel\u00e9fono m\u00f3vil u otro) o saber que ha iniciado sesi\u00f3n mientras navega por nuestro sitio web.<\/p><p><strong>\u00bfPor qu\u00e9 utilizar cookies?<\/strong><\/p><p>Utilizamos cookies para mejorar la funcionalidad de nuestro sitio web y guardar sus preferencias de navegaci\u00f3n y uso, como identificar su dispositivo (computadora o dispositivo m\u00f3vil) o saber que ha iniciado sesi\u00f3n mientras navega por nuestro sitio web. Si desea obtener m\u00e1s informaci\u00f3n sobre qu\u00e9 son, sus funciones y para qu\u00e9 sirven las cookies en este sitio web, consulte atentamente el siguiente listado.<\/p><p>No vendemos la informaci\u00f3n recopilada por las cookies ni la ponemos a disposici\u00f3n de terceros, excepto cuando lo exige la ley (por ejemplo, a agencias estatales o encargadas de hacer cumplir la ley). Sin embargo, si no desea que los datos de nuestro sitio web se almacenen en su dispositivo, existen formas de bloquear algunas o todas las cookies y eliminar todas las que ya se han guardado. Si desea eliminar nuestras cookies o bloquear el almacenamiento futuro de cookies, tenga en cuenta que es posible que no pueda acceder a ciertas \u00e1reas o herramientas interactivas en nuestro sitio web.<\/p><p><strong>\u00bfQu\u00e9 son las cookies?<\/strong><\/p><p>Las cookies son archivos de texto sin formato que contienen informaci\u00f3n an\u00f3nima almacenada en su dispositivo por el sitio web que visita. Se utilizan ampliamente para el funcionamiento de los sitios web, para aumentar su eficiencia y para proporcionar informaci\u00f3n relevante a los propietarios de sitios web.<\/p><p>En general, existen dos tipos de cookies: Cookies de sesi\u00f3n y Cookies permanentes.<\/p><p><strong>Cookies de sesi\u00f3n<\/strong><\/p><p>Las cookies de sesi\u00f3n s\u00f3lo se guardan en su dispositivo mientras navega por el sitio web. Despu\u00e9s de navegar por el sitio web, estas cookies se eliminan autom\u00e1ticamente de su dispositivo. Estas cookies almacenan su &#8220;ID de sesi\u00f3n&#8221;, lo que le permite, por ejemplo, iniciar sesi\u00f3n en Consumer Club y luego navegar por el sitio web sin tener que iniciar sesi\u00f3n nuevamente.<\/p><p><strong>Cookies permanentes<\/strong><\/p><p>Las cookies permanentes se caracterizan por no eliminarse de su dispositivo cuando finaliza su sesi\u00f3n de navegaci\u00f3n en el sitio web. Estas cookies se utilizan para conservar la informaci\u00f3n y las preferencias del usuario, haciendo que la navegaci\u00f3n por su sitio sea m\u00e1s accesible y r\u00e1pida. Tambi\u00e9n se utilizan para proporcionar informaci\u00f3n sobre la cantidad de visitantes del sitio, cu\u00e1nto tiempo tarda cada visitante en navegar por cada p\u00e1gina y el rendimiento general del sitio.<\/p><p>Ajusta las preferencias de uso de cookies en tu navegador<br \/>C\u00f3mo gestionar las Cookies en su navegador<\/p><p>Si desea eliminar o gestionar las cookies acumuladas y almacenadas en su dispositivo (Ordenador o Dispositivo M\u00f3vil), puede hacerlo en la configuraci\u00f3n de su navegador. Una vez m\u00e1s, te recordamos que eliminando o bloqueando las cookies es posible que no tengas acceso a determinadas \u00e1reas o herramientas interactivas de nuestro sitio web en el futuro.<\/p><p>En el siguiente listado puede encontrar informaci\u00f3n sobre c\u00f3mo ajustar las preferencias de uso de cookies en los principales navegadores:<\/p><p>Si est\u00e1 utilizando un navegador de escritorio:<\/p><p style=\"box-sizing: border-box; color: #252525; font-family: 'Open Sans', sans-serif; font-size: 16px; background-color: #ffffff;\"><a style=\"box-sizing: border-box; color: #0672ec; text-decoration-line: none; transition: color 400ms ease 0s, background-color 400ms ease 0s;\" href=\"http:\/\/support.microsoft.com\/kb\/196955\">Internet Explorer<\/a><\/p><p style=\"box-sizing: border-box; color: #252525; font-family: 'Open Sans', sans-serif; font-size: 16px; background-color: #ffffff;\"><a style=\"box-sizing: border-box; color: #0a3ead; text-decoration-line: none; transition: color 400ms ease 0s, background-color 400ms ease 0s;\" href=\"http:\/\/support.google.com\/chrome\/bin\/answer.py?hl=en&amp;answer=95647\">Google Chrome<\/a><\/p><p style=\"box-sizing: border-box; color: #252525; font-family: 'Open Sans', sans-serif; font-size: 16px; background-color: #ffffff;\"><a style=\"box-sizing: border-box; color: #0672ec; text-decoration-line: none; transition: color 400ms ease 0s, background-color 400ms ease 0s;\" href=\"http:\/\/support.mozilla.org\/en-US\/kb\/Cookies\">Firefox<\/a><\/p><p style=\"box-sizing: border-box; color: #252525; font-family: 'Open Sans', sans-serif; font-size: 16px; background-color: #ffffff;\"><a style=\"box-sizing: border-box; color: #0672ec; text-decoration-line: none; transition: color 400ms ease 0s, background-color 400ms ease 0s;\" href=\"http:\/\/docs.info.apple.com\/article.html?path=Safari\/5.0\/en\/9277.html\">Safari<\/a><\/p><p style=\"box-sizing: border-box; color: #252525; font-family: 'Open Sans', sans-serif; font-size: 16px; background-color: #ffffff;\"><a style=\"box-sizing: border-box; color: #0672ec; text-decoration-line: none; transition: color 400ms ease 0s, background-color 400ms ease 0s;\" href=\"http:\/\/www.opera.com\/browser\/tutorials\/security\/privacy\/\">Opera<\/a><\/p><p>Si est\u00e1 utilizando el navegador de un dispositivo m\u00f3vil:<\/p><p style=\"box-sizing: border-box; color: #252525; font-family: 'Open Sans', sans-serif; font-size: 16px; background-color: #ffffff;\"><a style=\"box-sizing: border-box; color: #0672ec; text-decoration-line: none; transition: color 400ms ease 0s, background-color 400ms ease 0s;\" href=\"http:\/\/support.apple.com\/kb\/HT1677\">Safari iOS<\/a><\/p><p><a style=\"box-sizing: border-box; color: #0672ec; text-decoration-line: none; transition: color 400ms ease 0s, background-color 400ms ease 0s;\" href=\"http:\/\/support.google.com\/mobile\/bin\/answer.py?hl=en&amp;answer=169022\">Android<\/a><\/p><p><a style=\"box-sizing: border-box; color: #0672ec; text-decoration-line: none; transition: color 400ms ease 0s, background-color 400ms ease 0s;\" href=\"http:\/\/www.microsoft.com\/windowsphone\/en-us\/howto\/wp7\/web\/changing-privacy-and-other-browser-settings.aspx\">Windows Phone<\/a><\/p><div style=\"box-sizing: border-box; color: #252525; font-family: 'Open Sans', sans-serif; font-size: 16px; background-color: #ffffff;\">\u00a0<\/div><p>A veces incorporamos fotos y contenido de video de sitios web como Youtube para brindar una mejor experiencia de navegaci\u00f3n. Al visitar p\u00e1ginas que tienen este tipo de contenido, es posible que contengan cookies. No controlamos estas cookies, por lo que debe consultar los sitios web correspondientes para obtener m\u00e1s informaci\u00f3n.<\/p><p>Muchos sitios web, incluido<\/p><p><a href=\"https:\/\/airheadtoilet.eu\">https:\/\/airheadtoilet.eu <\/a>utilizan herramientas para compartir en redes sociales como Facebook o Twitter. Cuando hace clic en uno de estos botones, el servicio que elija utilizar puede establecer una cookie. No controlamos estas cookies, por lo que debe consultar los sitios web correspondientes para obtener m\u00e1s informaci\u00f3n.<\/p><p>Sitios web de terceros<\/p><p>Nuestro sitio web contiene enlaces a sitios web que tienen su propia pol\u00edtica de cookies, y nuestra empresa no acepta responsabilidad sobre sitios web de terceros.<\/p><p>Saber m\u00e1s<\/p><p>Legislaci\u00f3n<\/p><p>Ley n.\u00ba 46\/2012, de 29 de agosto \u2013 Ley de Cookies: Es el nombre que recibe la \u00faltima modificaci\u00f3n de la Directiva europea de e-Privacidad. Fueron adaptados en Portugal en la Ley 46\/2012.<\/p><p><strong>Acerca de las cookies<\/strong><\/p><p>Si desea conocer m\u00e1s informaci\u00f3n sobre las cookies, puede encontrar m\u00e1s informaci\u00f3n en el siguiente enlace: <a href=\"https:\/\/aboutcookies.org\/\">www.aboutcookies.org<\/a>.<\/p>\t\t\t\t\t\t\t\t<\/div>\n\t\t\t\t\t<\/div>\n\t\t<\/div>\n\t\t\t\t\t<\/div>\n\t\t<\/section>\n\t\t\t\t<\/div>\n\t\t","protected":false},"excerpt":{"rendered":"<p>Apoyo Pol\u00edtica de cookies Utilizamos cookies para mejorar la funcionalidad de nuestro sitio web y guardar sus preferencias de navegaci\u00f3n y uso, como identificar su dispositivo (computadora, tableta, tel\u00e9fono m\u00f3vil u otro) o saber que ha iniciado sesi\u00f3n mientras navega por nuestro sitio web. \u00bfPor qu\u00e9 utilizar cookies? Utilizamos cookies para mejorar la funcionalidad de [&hellip;]<\/p>\n","protected":false},"author":1,"featured_media":0,"parent":0,"menu_order":0,"comment_status":"closed","ping_status":"closed","template":"","meta":{"footnotes":""},"class_list":["post-4625","page","type-page","status-publish","hentry"],"yoast_head":"<!-- This site is optimized with the Yoast SEO Premium plugin v26.7 (Yoast SEO v26.7) - https:\/\/yoast.com\/wordpress\/plugins\/seo\/ -->\n<title>Pol\u00edtica de cookies - Air Head Composting Toilet<\/title>\n<meta name=\"description\" content=\"Utilizamos cookies para mejorar la funcionalidad de nuestro sitio web y guardar sus preferencias de navegaci\u00f3n y uso.\" \/>\n<meta name=\"robots\" content=\"noindex, follow, max-snippet:-1, max-image-preview:large, max-video-preview:-1\" \/>\n<meta property=\"og:locale\" content=\"en_US\" \/>\n<meta property=\"og:type\" content=\"article\" \/>\n<meta property=\"og:title\" content=\"Pol\u00edtica de cookies\" \/>\n<meta property=\"og:description\" content=\"Utilizamos cookies para mejorar la funcionalidad de nuestro sitio web y guardar sus preferencias de navegaci\u00f3n y uso.\" \/>\n<meta property=\"og:url\" content=\"https:\/\/desenvolvimento.rbx.pt\/airhead\/es\/politica-de-cookies\/\" \/>\n<meta property=\"og:site_name\" content=\"Air Head Composting Toilet\" \/>\n<meta property=\"article:publisher\" content=\"https:\/\/www.facebook.com\/AirHeadComposting\/\" \/>\n<meta property=\"article:modified_time\" content=\"2024-07-19T13:07:35+00:00\" \/>\n<meta property=\"og:image\" content=\"https:\/\/desenvolvimento.rbx.pt\/airhead\/wp-content\/uploads\/2023\/05\/my-air-head-composting-toilet.png\" \/>\n\t<meta property=\"og:image:width\" content=\"1200\" \/>\n\t<meta property=\"og:image:height\" content=\"675\" \/>\n\t<meta property=\"og:image:type\" content=\"image\/png\" \/>\n<meta name=\"twitter:card\" content=\"summary_large_image\" \/>\n<meta name=\"twitter:site\" content=\"@AirHeadToilet\" \/>\n<script type=\"application\/ld+json\" class=\"yoast-schema-graph\">{\"@context\":\"https:\/\/schema.org\",\"@graph\":[{\"@type\":\"WebPage\",\"@id\":\"https:\/\/desenvolvimento.rbx.pt\/airhead\/es\/politica-de-cookies\/\",\"url\":\"https:\/\/desenvolvimento.rbx.pt\/airhead\/es\/politica-de-cookies\/\",\"name\":\"Pol\u00edtica de cookies - Air Head Composting Toilet\",\"isPartOf\":{\"@id\":\"https:\/\/desenvolvimento.rbx.pt\/airhead\/#website\"},\"datePublished\":\"2024-07-17T10:27:31+00:00\",\"dateModified\":\"2024-07-19T13:07:35+00:00\",\"description\":\"Utilizamos cookies para mejorar la funcionalidad de nuestro sitio web y guardar sus preferencias de navegaci\u00f3n y uso.\",\"breadcrumb\":{\"@id\":\"https:\/\/desenvolvimento.rbx.pt\/airhead\/es\/politica-de-cookies\/#breadcrumb\"},\"inLanguage\":\"en-US\",\"potentialAction\":[{\"@type\":\"ReadAction\",\"target\":[\"https:\/\/desenvolvimento.rbx.pt\/airhead\/es\/politica-de-cookies\/\"]}]},{\"@type\":\"BreadcrumbList\",\"@id\":\"https:\/\/desenvolvimento.rbx.pt\/airhead\/es\/politica-de-cookies\/#breadcrumb\",\"itemListElement\":[{\"@type\":\"ListItem\",\"position\":1,\"name\":\"Home\",\"item\":\"https:\/\/desenvolvimento.rbx.pt\/airhead\/\"},{\"@type\":\"ListItem\",\"position\":2,\"name\":\"Pol\u00edtica de cookies\"}]},{\"@type\":\"WebSite\",\"@id\":\"https:\/\/desenvolvimento.rbx.pt\/airhead\/#website\",\"url\":\"https:\/\/desenvolvimento.rbx.pt\/airhead\/\",\"name\":\"Air Head Composting Toilet\",\"description\":\"The toughest Composting Toilet in the World\",\"publisher\":{\"@id\":\"https:\/\/desenvolvimento.rbx.pt\/airhead\/#organization\"},\"alternateName\":\"AIR Head Composting Toliet\",\"potentialAction\":[{\"@type\":\"SearchAction\",\"target\":{\"@type\":\"EntryPoint\",\"urlTemplate\":\"https:\/\/desenvolvimento.rbx.pt\/airhead\/?s={search_term_string}\"},\"query-input\":{\"@type\":\"PropertyValueSpecification\",\"valueRequired\":true,\"valueName\":\"search_term_string\"}}],\"inLanguage\":\"en-US\"},{\"@type\":\"Organization\",\"@id\":\"https:\/\/desenvolvimento.rbx.pt\/airhead\/#organization\",\"name\":\"Air Head Europe\",\"alternateName\":\"Air Head Europe\",\"url\":\"https:\/\/desenvolvimento.rbx.pt\/airhead\/\",\"logo\":{\"@type\":\"ImageObject\",\"inLanguage\":\"en-US\",\"@id\":\"https:\/\/desenvolvimento.rbx.pt\/airhead\/#\/schema\/logo\/image\/\",\"url\":\"https:\/\/desenvolvimento.rbx.pt\/airhead\/wp-content\/uploads\/2023\/05\/logo.png\",\"contentUrl\":\"https:\/\/desenvolvimento.rbx.pt\/airhead\/wp-content\/uploads\/2023\/05\/logo.png\",\"width\":350,\"height\":93,\"caption\":\"Air Head Europe\"},\"image\":{\"@id\":\"https:\/\/desenvolvimento.rbx.pt\/airhead\/#\/schema\/logo\/image\/\"},\"sameAs\":[\"https:\/\/www.facebook.com\/AirHeadComposting\/\",\"https:\/\/x.com\/AirHeadToilet\",\"https:\/\/www.instagram.com\/airheadcompostingtoilet\/\",\"https:\/\/www.youtube.com\/channel\/UCHA9AGnNCv1daAk1mq5hr0g\"]}]}<\/script>\n<!-- \/ Yoast SEO Premium plugin. -->","yoast_head_json":{"title":"Pol\u00edtica de cookies - Air Head Composting Toilet","description":"Utilizamos cookies para mejorar la funcionalidad de nuestro sitio web y guardar sus preferencias de navegaci\u00f3n y uso.","robots":{"index":"noindex","follow":"follow","max-snippet":"max-snippet:-1","max-image-preview":"max-image-preview:large","max-video-preview":"max-video-preview:-1"},"og_locale":"en_US","og_type":"article","og_title":"Pol\u00edtica de cookies","og_description":"Utilizamos cookies para mejorar la funcionalidad de nuestro sitio web y guardar sus preferencias de navegaci\u00f3n y uso.","og_url":"https:\/\/desenvolvimento.rbx.pt\/airhead\/es\/politica-de-cookies\/","og_site_name":"Air Head Composting Toilet","article_publisher":"https:\/\/www.facebook.com\/AirHeadComposting\/","article_modified_time":"2024-07-19T13:07:35+00:00","og_image":[{"width":1200,"height":675,"url":"https:\/\/desenvolvimento.rbx.pt\/airhead\/wp-content\/uploads\/2023\/05\/my-air-head-composting-toilet.png","type":"image\/png"}],"twitter_card":"summary_large_image","twitter_site":"@AirHeadToilet","schema":{"@context":"https:\/\/schema.org","@graph":[{"@type":"WebPage","@id":"https:\/\/desenvolvimento.rbx.pt\/airhead\/es\/politica-de-cookies\/","url":"https:\/\/desenvolvimento.rbx.pt\/airhead\/es\/politica-de-cookies\/","name":"Pol\u00edtica de cookies - Air Head Composting Toilet","isPartOf":{"@id":"https:\/\/desenvolvimento.rbx.pt\/airhead\/#website"},"datePublished":"2024-07-17T10:27:31+00:00","dateModified":"2024-07-19T13:07:35+00:00","description":"Utilizamos cookies para mejorar la funcionalidad de nuestro sitio web y guardar sus preferencias de navegaci\u00f3n y uso.","breadcrumb":{"@id":"https:\/\/desenvolvimento.rbx.pt\/airhead\/es\/politica-de-cookies\/#breadcrumb"},"inLanguage":"en-US","potentialAction":[{"@type":"ReadAction","target":["https:\/\/desenvolvimento.rbx.pt\/airhead\/es\/politica-de-cookies\/"]}]},{"@type":"BreadcrumbList","@id":"https:\/\/desenvolvimento.rbx.pt\/airhead\/es\/politica-de-cookies\/#breadcrumb","itemListElement":[{"@type":"ListItem","position":1,"name":"Home","item":"https:\/\/desenvolvimento.rbx.pt\/airhead\/"},{"@type":"ListItem","position":2,"name":"Pol\u00edtica de cookies"}]},{"@type":"WebSite","@id":"https:\/\/desenvolvimento.rbx.pt\/airhead\/#website","url":"https:\/\/desenvolvimento.rbx.pt\/airhead\/","name":"Air Head Composting Toilet","description":"The toughest Composting Toilet in the World","publisher":{"@id":"https:\/\/desenvolvimento.rbx.pt\/airhead\/#organization"},"alternateName":"AIR Head Composting Toliet","potentialAction":[{"@type":"SearchAction","target":{"@type":"EntryPoint","urlTemplate":"https:\/\/desenvolvimento.rbx.pt\/airhead\/?s={search_term_string}"},"query-input":{"@type":"PropertyValueSpecification","valueRequired":true,"valueName":"search_term_string"}}],"inLanguage":"en-US"},{"@type":"Organization","@id":"https:\/\/desenvolvimento.rbx.pt\/airhead\/#organization","name":"Air Head Europe","alternateName":"Air Head Europe","url":"https:\/\/desenvolvimento.rbx.pt\/airhead\/","logo":{"@type":"ImageObject","inLanguage":"en-US","@id":"https:\/\/desenvolvimento.rbx.pt\/airhead\/#\/schema\/logo\/image\/","url":"https:\/\/desenvolvimento.rbx.pt\/airhead\/wp-content\/uploads\/2023\/05\/logo.png","contentUrl":"https:\/\/desenvolvimento.rbx.pt\/airhead\/wp-content\/uploads\/2023\/05\/logo.png","width":350,"height":93,"caption":"Air Head Europe"},"image":{"@id":"https:\/\/desenvolvimento.rbx.pt\/airhead\/#\/schema\/logo\/image\/"},"sameAs":["https:\/\/www.facebook.com\/AirHeadComposting\/","https:\/\/x.com\/AirHeadToilet","https:\/\/www.instagram.com\/airheadcompostingtoilet\/","https:\/\/www.youtube.com\/channel\/UCHA9AGnNCv1daAk1mq5hr0g"]}]}},"lang":"es","translations":{"es":4625,"nl":696,"en":360,"fr":2024,"pt":3143},"pll_sync_post":[],"_links":{"self":[{"href":"https:\/\/desenvolvimento.rbx.pt\/airhead\/wp-json\/wp\/v2\/pages\/4625","targetHints":{"allow":["GET"]}}],"collection":[{"href":"https:\/\/desenvolvimento.rbx.pt\/airhead\/wp-json\/wp\/v2\/pages"}],"about":[{"href":"https:\/\/desenvolvimento.rbx.pt\/airhead\/wp-json\/wp\/v2\/types\/page"}],"author":[{"embeddable":true,"href":"https:\/\/desenvolvimento.rbx.pt\/airhead\/wp-json\/wp\/v2\/users\/1"}],"replies":[{"embeddable":true,"href":"https:\/\/desenvolvimento.rbx.pt\/airhead\/wp-json\/wp\/v2\/comments?post=4625"}],"version-history":[{"count":0,"href":"https:\/\/desenvolvimento.rbx.pt\/airhead\/wp-json\/wp\/v2\/pages\/4625\/revisions"}],"wp:attachment":[{"href":"https:\/\/desenvolvimento.rbx.pt\/airhead\/wp-json\/wp\/v2\/media?parent=4625"}],"curies":[{"name":"wp","href":"https:\/\/api.w.org\/{rel}","templated":true}]}}